{"id":19,"date":"2015-12-28T17:16:36","date_gmt":"2015-12-28T17:16:36","guid":{"rendered":"http:\/\/fobbe-reuter.de\/?page_id=19"},"modified":"2018-01-16T20:41:02","modified_gmt":"2018-01-16T20:41:02","slug":"ueber-mich","status":"publish","type":"page","link":"http:\/\/fobbe-reuter.de\/?page_id=19","title":{"rendered":"Zur Person"},"content":{"rendered":"<p><strong>Zur K\u00fcnstlerin:<\/strong><\/p>\n<p>Monika Fobbe-Reuter, geboren 1951 in Duisburg<\/p>\n<ul>\n<li>Kunststudium im Rahmen der Lehrerausbildung<\/li>\n<li>Von 1976 bis 2014 Kunsterzieherin in Hamm<\/li>\n<li>Von 1995 bis 2016 1. Vorsitzende des Arbeitskreises Kunst Hamm e.V.<\/li>\n<li>Erg\u00e4nzung und Vertiefung durch Kurse an der Europ\u00e4ischen Akademie f\u00fcr bildende Kunst in Trier und an den Sommerakademien in Soest und Kamen<\/li>\n<li>Zahlreiche Einzelausstellungen und regelm\u00e4\u00dfige Ausstellungsbeteiligungen in Hamm und anderswo, z.B.: Arthotek Gustav-L\u00fcbke-Museum Hamm, Stadthaus-Galerie,\u00a0Alte M\u00fchle B\u00f6nen, Glaselefant Maxipark, Sachsenhalle und Brockhof Heessen, Braunsche Galerie Duisburg, AOK-Galerie Unna, Kunstverein Werl, Schloss Oberwerries, Alte Post Drensteinfurt, Burg Vischering<\/li>\n<\/ul>\n<p><strong>Zu den Skulpturen und Bildern: <\/strong><\/p>\n<figure id=\"attachment_20\" aria-describedby=\"caption-attachment-20\" style=\"width: 300px\" class=\"wp-caption alignright\"><img loading=\"lazy\" decoding=\"async\" class=\"size-medium wp-image-20\" src=\"http:\/\/fobbe-reuter.de\/wp-content\/uploads\/2015\/12\/bei-der-Arbeit-300x225.jpg\" alt=\"Monika Fobbe-Reuter bei der Arbeit\" width=\"300\" height=\"225\" srcset=\"http:\/\/fobbe-reuter.de\/wp-content\/uploads\/2015\/12\/bei-der-Arbeit-300x225.jpg 300w, http:\/\/fobbe-reuter.de\/wp-content\/uploads\/2015\/12\/bei-der-Arbeit.jpg 756w\" sizes=\"(max-width: 300px) 100vw, 300px\" \/><figcaption id=\"caption-attachment-20\" class=\"wp-caption-text\">Monika Fobbe-Reuter bei der Arbeit<\/figcaption><\/figure>\n<p>In \u00fcber 35 Jahren regelm\u00e4\u00dfiger Arbeit im &#8220;K\u00fcnstlerwinkel&#8221;, dem Gemeinschaftsatelier des <a href=\"http:\/\/www.arbeitskreiskunst.de\/index.php\" target=\"_blank\">Arbeitskreises Kunst Hamm e.V.<\/a>, liegt der Schwerpunkt zun\u00e4chst auf der Erstellung von Skulpturen, meistens aus Keramik.\u00a0Leitthema der plastischen Arbeiten ist der menschliche K\u00f6rper mit seinen Rundungen, konvexen und konkaven Formen. Das spannungsreiche Wechselspiel von H\u00f6hlung und W\u00f6lbung, von Rundung und Kantigkeit, mit Durchbr\u00fcchen, die den Raum in die Plastik einbeziehen, kommt vor allem beim weiblichen K\u00f6rper oder in Figurengruppen zum Ausdruck.<\/p>\n<p>Daneben entstehen zudem immer wieder Bilder, meistens gro\u00dfformatige Acrylmalereien. Flie\u00dfende Farben, in Schichten gegossen und aufgetragen, formieren sich zu Strukturen der Landschaft: Wolken, Horizont, H\u00fcgel und T\u00e4ler, Gew\u00e4sser, Spiegelungen darin, Vegetation und Architektonisches kann man in den Farbverl\u00e4ufen erkennen. Leuchtende Farbfl\u00e4chen l\u00f6sen sich mit dunkleren ab und suggerieren Licht und Schatten. Durch die Farbverl\u00e4ufe, die nur vorsichtig mit dem Pinsel gelenkt werden, entstehen sowohl dramatische als ruhige Natureindr\u00fccke. So bleibt dem Betrachter viel Freiraum f\u00fcr eigene Vorstellungen.<\/p>\n","protected":false},"excerpt":{"rendered":"<p>Zur K\u00fcnstlerin: Monika Fobbe-Reuter, geboren 1951 in Duisburg Kunststudium im Rahmen der Lehrerausbildung Von 1976 bis 2014 Kunsterzieherin in Hamm Von 1995 bis 2016 1. Vorsitzende des Arbeitskreises Kunst Hamm e.V. Erg\u00e4nzung und Vertiefung durch Kurse an der Europ\u00e4ischen Akademie f\u00fcr bildende Kunst in Trier und an den Sommerakademien in Soest und Kamen Zahlreiche Einzelausstellungen [&hellip;]<\/p>\n","protected":false},"author":1,"featured_media":0,"parent":0,"menu_order":0,"comment_status":"closed","ping_status":"closed","template":"","meta":{"footnotes":""},"_links":{"self":[{"href":"http:\/\/fobbe-reuter.de\/index.php?rest_route=\/wp\/v2\/pages\/19"}],"collection":[{"href":"http:\/\/fobbe-reuter.de\/index.php?rest_route=\/wp\/v2\/pages"}],"about":[{"href":"http:\/\/fobbe-reuter.de\/index.php?rest_route=\/wp\/v2\/types\/page"}],"author":[{"embeddable":true,"href":"http:\/\/fobbe-reuter.de\/index.php?rest_route=\/wp\/v2\/users\/1"}],"replies":[{"embeddable":true,"href":"http:\/\/fobbe-reuter.de\/index.php?rest_route=%2Fwp%2Fv2%2Fcomments&post=19"}],"version-history":[{"count":9,"href":"http:\/\/fobbe-reuter.de\/index.php?rest_route=\/wp\/v2\/pages\/19\/revisions"}],"predecessor-version":[{"id":175,"href":"http:\/\/fobbe-reuter.de\/index.php?rest_route=\/wp\/v2\/pages\/19\/revisions\/175"}],"wp:attachment":[{"href":"http:\/\/fobbe-reuter.de\/index.php?rest_route=%2Fwp%2Fv2%2Fmedia&parent=19"}],"curies":[{"name":"wp","href":"https:\/\/api.w.org\/{rel}","templated":true}]}}